{"id":1695,"date":"2022-09-06T08:21:44","date_gmt":"2022-09-06T06:21:44","guid":{"rendered":"http:\/\/han.2doweb.org\/politik-om-beskyttelse-af-personlige-oplysninger\/"},"modified":"2022-12-07T10:27:29","modified_gmt":"2022-12-07T09:27:29","slug":"politik-om-beskyttelse-af-personlige-oplysninger","status":"publish","type":"page","link":"https:\/\/han.2doweb.org\/da\/politik-om-beskyttelse-af-personlige-oplysninger\/","title":{"rendered":"Politik om beskyttelse af personlige oplysninger"},"content":{"rendered":"&#13;\n<h2>Hvem vi er<\/h2>&#13;\n&#13;\n<p><strong class=\"privacy-policy-tutorial\">Foresl\u00e5et tekst: <\/strong>Vores webadresse er: https:\/\/aidukrainedk.wpengine.com.<\/p>&#13;\n&#13;\n<h2>Kommentarer<\/h2>&#13;\n&#13;\n<p><strong class=\"privacy-policy-tutorial\">Foresl\u00e5et tekst: <\/strong>N\u00e5r bes\u00f8gende efterlader kommentarer p\u00e5 webstedet, indsamler vi de data, der vises i kommentarformularen, samt den bes\u00f8gendes IP-adresse og browserens brugeragentstreng for at hj\u00e6lpe med at opdage spam.<\/p>&#13;\n&#13;\n<p>En anonymiseret streng, der er oprettet ud fra din e-mailadresse (ogs\u00e5 kaldet en hash), kan blive leveret til Gravatar-tjenesten for at se, om du bruger den. Gravatar-tjenestens politik om beskyttelse af personlige oplysninger findes her: https:\/\/automattic.com\/privacy\/. N\u00e5r din kommentar er godkendt, er dit profilbillede synligt for offentligheden i forbindelse med din kommentar.<\/p>&#13;\n&#13;\n<h2>Medier<\/h2>&#13;\n&#13;\n<p><strong class=\"privacy-policy-tutorial\">Foresl\u00e5et tekst: <\/strong>Hvis du uploader billeder til webstedet, b\u00f8r du undg\u00e5 at uploade billeder med indlejrede positionsdata (EXIF GPS). Bes\u00f8gende p\u00e5 webstedet kan downloade og udtr\u00e6kke alle lokaliseringsdata fra billeder p\u00e5 webstedet.<\/p>&#13;\n&#13;\n<h2>Cookies<\/h2>&#13;\n&#13;\n<p><strong class=\"privacy-policy-tutorial\">Foresl\u00e5et tekst: <\/strong>Hvis du efterlader en kommentar p\u00e5 vores websted, kan du v\u00e6lge at gemme dit navn, din e-mailadresse og dit websted i cookies. Disse er til din bekvemmelighed, s\u00e5 du ikke beh\u00f8ver at udfylde dine oplysninger igen, n\u00e5r du skriver en ny kommentar. Disse sm\u00e5kager holder sig i et \u00e5r.<\/p>&#13;\n&#13;\n<p>Hvis du bes\u00f8ger vores loginside, s\u00e6tter vi en midlertidig cookie for at fastsl\u00e5, om din browser accepterer cookies. Denne cookie indeholder ingen personlige data og slettes, n\u00e5r du lukker din browser.<\/p>&#13;\n&#13;\n<p>N\u00e5r du logger ind, opretter vi ogs\u00e5 flere cookies for at gemme dine loginoplysninger og dine valg af sk\u00e6rmvisning. Login-cookies holder i to dage, og cookies til sk\u00e6rmindstillinger holder i et \u00e5r. Hvis du v\u00e6lger &#8220;Husk mig&#8221;, vil dit login blive bevaret i to uger. Hvis du logger ud af din konto, vil login-cookies blive fjernet.<\/p>&#13;\n&#13;\n<p>Hvis du redigerer eller udgiver en artikel, gemmes der en ekstra cookie i din browser. Denne cookie indeholder ingen personlige data og angiver blot indl\u00e6gs-id&#8217;et for den artikel, du lige har redigeret. Den udl\u00f8ber efter 1 dag.<\/p>&#13;\n&#13;\n<h2>Indlejret indhold fra andre websteder<\/h2>&#13;\n&#13;\n<p><strong class=\"privacy-policy-tutorial\">Foresl\u00e5et tekst: <\/strong>Artikler p\u00e5 dette websted kan indeholde indlejret indhold (f.eks. videoer, billeder, artikler osv.). Indlejret indhold fra andre websteder opf\u00f8rer sig p\u00e5 n\u00f8jagtig samme m\u00e5de, som hvis den bes\u00f8gende har bes\u00f8gt det andet websted.<\/p>&#13;\n&#13;\n<p>Disse websteder kan indsamle data om dig, bruge cookies, indlejre yderligere sporing fra tredjepart og overv\u00e5ge din interaktion med det indlejrede indhold, herunder spore din interaktion med det indlejrede indhold, hvis du har en konto og er logget ind p\u00e5 det p\u00e5g\u00e6ldende websted.<\/p>&#13;\n&#13;\n<h2>Hvem vi deler dine data med<\/h2>&#13;\n&#13;\n<p><strong class=\"privacy-policy-tutorial\">Foresl\u00e5et tekst: <\/strong>Hvis du anmoder om at f\u00e5 nulstillet din adgangskode, vil din IP-adresse blive medtaget i e-mailen om nulstilling.<\/p>&#13;\n&#13;\n<h2>Hvor l\u00e6nge vi opbevarer dine data<\/h2>&#13;\n&#13;\n<p><strong class=\"privacy-policy-tutorial\">Foresl\u00e5et tekst: <\/strong>Hvis du efterlader en kommentar, opbevares kommentaren og dens metadata p\u00e5 ubestemt tid. Det er for at vi kan genkende og godkende opf\u00f8lgende kommentarer automatisk i stedet for at holde dem i en k\u00f8 til moderering.<\/p>&#13;\n&#13;\n<p>For brugere, der registrerer sig p\u00e5 vores websted (hvis nogen), gemmer vi ogs\u00e5 de personlige oplysninger, de giver i deres brugerprofil. Alle brugere kan til enhver tid se, redigere eller slette deres personlige oplysninger (bortset fra at de ikke kan \u00e6ndre deres brugernavn). Webstedsadministratorer kan ogs\u00e5 se og redigere disse oplysninger.<\/p>&#13;\n&#13;\n<h2>Hvilke rettigheder du har over dine data<\/h2>&#13;\n&#13;\n<p><strong class=\"privacy-policy-tutorial\">Foresl\u00e5et tekst: <\/strong>Hvis du har en konto p\u00e5 dette websted eller har skrevet kommentarer, kan du anmode om at modtage en eksporteret fil med de personoplysninger, som vi har om dig, herunder alle de oplysninger, du har givet os. Du kan ogs\u00e5 anmode om, at vi sletter alle personlige oplysninger, som vi har om dig. Dette omfatter ikke oplysninger, som vi er forpligtet til at opbevare af administrative, juridiske eller sikkerhedsm\u00e6ssige \u00e5rsager.<\/p>&#13;\n&#13;\n<h2>Hvor dine data sendes hen<\/h2>&#13;\n&#13;\n<p><strong class=\"privacy-policy-tutorial\">Foresl\u00e5et tekst: <\/strong>Kommentarer fra bes\u00f8gende kan blive kontrolleret af en automatiseret spamdetektionstjeneste.<\/p>&#13;\n","protected":false},"excerpt":{"rendered":"<p>&#13; Hvem vi er &#13; &#13; Foresl\u00e5et tekst: Vores webadresse er: https:\/\/aidukrainedk.wpengine.com. &#13; &#13; Kommentarer &#13; &#13; Foresl\u00e5et tekst: N\u00e5r bes\u00f8gende efterlader kommentarer p\u00e5 webstedet, indsamler vi de data, der vises i kommentarformularen, samt den bes\u00f8gendes IP-adresse og browserens brugeragentstreng for at hj\u00e6lpe med at opdage spam. &#13; &#13; En anonymiseret streng, der er oprettet &hellip;<\/p>\n","protected":false},"author":1,"featured_media":0,"parent":0,"menu_order":0,"comment_status":"closed","ping_status":"open","template":"","meta":[],"acf":[],"yoast_head":"<!-- This site is optimized with the Yoast SEO plugin v19.12 - https:\/\/yoast.com\/wordpress\/plugins\/seo\/ -->\n<title>Politik om beskyttelse af personlige oplysninger - Aid Ukraine Denmark<\/title>\n<meta name=\"robots\" content=\"noindex, follow, max-snippet:-1, max-image-preview:large, max-video-preview:-1\" \/>\n<meta property=\"og:locale\" content=\"da_DK\" \/>\n<meta property=\"og:type\" content=\"article\" \/>\n<meta property=\"og:title\" content=\"Politik om beskyttelse af personlige oplysninger - Aid Ukraine Denmark\" \/>\n<meta property=\"og:description\" content=\"&#013; Hvem vi er &#013; &#013; Foresl\u00e5et tekst: Vores webadresse er: https:\/\/aidukrainedk.wpengine.com. &#013; &#013; Kommentarer &#013; &#013; Foresl\u00e5et tekst: N\u00e5r bes\u00f8gende efterlader kommentarer p\u00e5 webstedet, indsamler vi de data, der vises i kommentarformularen, samt den bes\u00f8gendes IP-adresse og browserens brugeragentstreng for at hj\u00e6lpe med at opdage spam. &#013; &#013; En anonymiseret streng, der er oprettet &hellip;\" \/>\n<meta property=\"og:url\" content=\"https:\/\/han.2doweb.org\/da\/politik-om-beskyttelse-af-personlige-oplysninger\/\" \/>\n<meta property=\"og:site_name\" content=\"Aid Ukraine Denmark\" \/>\n<meta property=\"article:modified_time\" content=\"2022-12-07T09:27:29+00:00\" \/>\n<meta name=\"twitter:card\" content=\"summary_large_image\" \/>\n<meta name=\"twitter:label1\" content=\"Est. reading time\" \/>\n\t<meta name=\"twitter:data1\" content=\"3 minutes\" \/>\n<script type=\"application\/ld+json\" class=\"yoast-schema-graph\">{\"@context\":\"https:\/\/schema.org\",\"@graph\":[{\"@type\":\"WebPage\",\"@id\":\"https:\/\/han.2doweb.org\/da\/politik-om-beskyttelse-af-personlige-oplysninger\/\",\"url\":\"https:\/\/han.2doweb.org\/da\/politik-om-beskyttelse-af-personlige-oplysninger\/\",\"name\":\"Politik om beskyttelse af personlige oplysninger - Aid Ukraine Denmark\",\"isPartOf\":{\"@id\":\"https:\/\/han.2doweb.org\/#website\"},\"datePublished\":\"2022-09-06T06:21:44+00:00\",\"dateModified\":\"2022-12-07T09:27:29+00:00\",\"breadcrumb\":{\"@id\":\"https:\/\/han.2doweb.org\/da\/politik-om-beskyttelse-af-personlige-oplysninger\/#breadcrumb\"},\"inLanguage\":\"da-DK\",\"potentialAction\":[{\"@type\":\"ReadAction\",\"target\":[\"https:\/\/han.2doweb.org\/da\/politik-om-beskyttelse-af-personlige-oplysninger\/\"]}]},{\"@type\":\"BreadcrumbList\",\"@id\":\"https:\/\/han.2doweb.org\/da\/politik-om-beskyttelse-af-personlige-oplysninger\/#breadcrumb\",\"itemListElement\":[{\"@type\":\"ListItem\",\"position\":1,\"name\":\"Home\",\"item\":\"http:\/\/han.2doweb.org\/da\/\"},{\"@type\":\"ListItem\",\"position\":2,\"name\":\"Politik om beskyttelse af personlige oplysninger\"}]},{\"@type\":\"WebSite\",\"@id\":\"https:\/\/han.2doweb.org\/#website\",\"url\":\"https:\/\/han.2doweb.org\/\",\"name\":\"Aid Ukraine Denmark\",\"description\":\"\",\"potentialAction\":[{\"@type\":\"SearchAction\",\"target\":{\"@type\":\"EntryPoint\",\"urlTemplate\":\"https:\/\/han.2doweb.org\/?s={search_term_string}\"},\"query-input\":\"required name=search_term_string\"}],\"inLanguage\":\"da-DK\"}]}<\/script>\n<!-- \/ Yoast SEO plugin. -->","yoast_head_json":{"title":"Politik om beskyttelse af personlige oplysninger - Aid Ukraine Denmark","robots":{"index":"noindex","follow":"follow","max-snippet":"max-snippet:-1","max-image-preview":"max-image-preview:large","max-video-preview":"max-video-preview:-1"},"og_locale":"da_DK","og_type":"article","og_title":"Politik om beskyttelse af personlige oplysninger - Aid Ukraine Denmark","og_description":"&#13; Hvem vi er &#13; &#13; Foresl\u00e5et tekst: Vores webadresse er: https:\/\/aidukrainedk.wpengine.com. &#13; &#13; Kommentarer &#13; &#13; Foresl\u00e5et tekst: N\u00e5r bes\u00f8gende efterlader kommentarer p\u00e5 webstedet, indsamler vi de data, der vises i kommentarformularen, samt den bes\u00f8gendes IP-adresse og browserens brugeragentstreng for at hj\u00e6lpe med at opdage spam. &#13; &#13; En anonymiseret streng, der er oprettet &hellip;","og_url":"https:\/\/han.2doweb.org\/da\/politik-om-beskyttelse-af-personlige-oplysninger\/","og_site_name":"Aid Ukraine Denmark","article_modified_time":"2022-12-07T09:27:29+00:00","twitter_card":"summary_large_image","twitter_misc":{"Est. reading time":"3 minutes"},"schema":{"@context":"https:\/\/schema.org","@graph":[{"@type":"WebPage","@id":"https:\/\/han.2doweb.org\/da\/politik-om-beskyttelse-af-personlige-oplysninger\/","url":"https:\/\/han.2doweb.org\/da\/politik-om-beskyttelse-af-personlige-oplysninger\/","name":"Politik om beskyttelse af personlige oplysninger - Aid Ukraine Denmark","isPartOf":{"@id":"https:\/\/han.2doweb.org\/#website"},"datePublished":"2022-09-06T06:21:44+00:00","dateModified":"2022-12-07T09:27:29+00:00","breadcrumb":{"@id":"https:\/\/han.2doweb.org\/da\/politik-om-beskyttelse-af-personlige-oplysninger\/#breadcrumb"},"inLanguage":"da-DK","potentialAction":[{"@type":"ReadAction","target":["https:\/\/han.2doweb.org\/da\/politik-om-beskyttelse-af-personlige-oplysninger\/"]}]},{"@type":"BreadcrumbList","@id":"https:\/\/han.2doweb.org\/da\/politik-om-beskyttelse-af-personlige-oplysninger\/#breadcrumb","itemListElement":[{"@type":"ListItem","position":1,"name":"Home","item":"http:\/\/han.2doweb.org\/da\/"},{"@type":"ListItem","position":2,"name":"Politik om beskyttelse af personlige oplysninger"}]},{"@type":"WebSite","@id":"https:\/\/han.2doweb.org\/#website","url":"https:\/\/han.2doweb.org\/","name":"Aid Ukraine Denmark","description":"","potentialAction":[{"@type":"SearchAction","target":{"@type":"EntryPoint","urlTemplate":"https:\/\/han.2doweb.org\/?s={search_term_string}"},"query-input":"required name=search_term_string"}],"inLanguage":"da-DK"}]}},"_links":{"self":[{"href":"https:\/\/han.2doweb.org\/da\/wp-json\/wp\/v2\/pages\/1695"}],"collection":[{"href":"https:\/\/han.2doweb.org\/da\/wp-json\/wp\/v2\/pages"}],"about":[{"href":"https:\/\/han.2doweb.org\/da\/wp-json\/wp\/v2\/types\/page"}],"author":[{"embeddable":true,"href":"https:\/\/han.2doweb.org\/da\/wp-json\/wp\/v2\/users\/1"}],"replies":[{"embeddable":true,"href":"https:\/\/han.2doweb.org\/da\/wp-json\/wp\/v2\/comments?post=1695"}],"version-history":[{"count":0,"href":"https:\/\/han.2doweb.org\/da\/wp-json\/wp\/v2\/pages\/1695\/revisions"}],"wp:attachment":[{"href":"https:\/\/han.2doweb.org\/da\/wp-json\/wp\/v2\/media?parent=1695"}],"curies":[{"name":"wp","href":"https:\/\/api.w.org\/{rel}","templated":true}]}}